{"id":89,"date":"2020-10-27T15:47:32","date_gmt":"2020-10-27T14:47:32","guid":{"rendered":"http:\/\/zrvchtb.cluster030.hosting.ovh.net\/?page_id=89"},"modified":"2024-04-06T10:06:48","modified_gmt":"2024-04-06T08:06:48","slug":"paulina-bledek","status":"publish","type":"page","link":"https:\/\/kb-radcowie.pl\/index.php\/paulina-bledek\/","title":{"rendered":"PAULINA B\u0141\u0118DEK"},"content":{"rendered":"\t\t<div data-elementor-type=\"wp-page\" data-elementor-id=\"89\" class=\"elementor elementor-89\">\n\t\t\t\t\t\t<section class=\"elementor-section elementor-top-section elementor-element elementor-element-7271fbc elementor-section-boxed elementor-section-height-default elementor-section-height-default\" data-id=\"7271fbc\" data-element_type=\"section\">\n\t\t\t\t\t\t<div class=\"elementor-container elementor-column-gap-default\">\n\t\t\t\t\t<div class=\"elementor-column elementor-col-100 elementor-top-column elementor-element elementor-element-a7ed6aa\" data-id=\"a7ed6aa\" data-element_type=\"column\">\n\t\t\t<div class=\"elementor-widget-wrap elementor-element-populated\">\n\t\t\t\t\t\t<div class=\"elementor-element elementor-element-e5e0f26 elementor-widget elementor-widget-heading\" data-id=\"e5e0f26\" data-element_type=\"widget\" data-widget_type=\"heading.default\">\n\t\t\t\t<div class=\"elementor-widget-container\">\n\t\t\t\t\t<h2 class=\"elementor-heading-title elementor-size-default\">radca prawny Paulina B\u0142\u0119dek<\/h2>\t\t\t\t<\/div>\n\t\t\t\t<\/div>\n\t\t\t\t\t<\/div>\n\t\t<\/div>\n\t\t\t\t\t<\/div>\n\t\t<\/section>\n\t\t\t\t<section class=\"elementor-section elementor-top-section elementor-element elementor-element-4520b6e elementor-section-boxed elementor-section-height-default elementor-section-height-default\" data-id=\"4520b6e\" data-element_type=\"section\">\n\t\t\t\t\t\t<div class=\"elementor-container elementor-column-gap-default\">\n\t\t\t\t\t<div class=\"elementor-column elementor-col-50 elementor-top-column elementor-element elementor-element-2e8d08b\" data-id=\"2e8d08b\" data-element_type=\"column\">\n\t\t\t<div class=\"elementor-widget-wrap elementor-element-populated\">\n\t\t\t\t\t\t<div class=\"elementor-element elementor-element-aa3572f elementor-widget elementor-widget-image\" data-id=\"aa3572f\" data-element_type=\"widget\" data-widget_type=\"image.default\">\n\t\t\t\t<div class=\"elementor-widget-container\">\n\t\t\t\t\t\t\t\t\t\t\t\t\t\t\t<img fetchpriority=\"high\" decoding=\"async\" width=\"731\" height=\"1024\" src=\"https:\/\/kb-radcowie.pl\/wp-content\/uploads\/2022\/02\/Paula-731x1024.jpg\" class=\"attachment-large size-large wp-image-332\" alt=\"\" srcset=\"https:\/\/kb-radcowie.pl\/wp-content\/uploads\/2022\/02\/Paula-731x1024.jpg 731w, https:\/\/kb-radcowie.pl\/wp-content\/uploads\/2022\/02\/Paula-214x300.jpg 214w, https:\/\/kb-radcowie.pl\/wp-content\/uploads\/2022\/02\/Paula-768x1075.jpg 768w, https:\/\/kb-radcowie.pl\/wp-content\/uploads\/2022\/02\/Paula-1097x1536.jpg 1097w, https:\/\/kb-radcowie.pl\/wp-content\/uploads\/2022\/02\/Paula-1463x2048.jpg 1463w, https:\/\/kb-radcowie.pl\/wp-content\/uploads\/2022\/02\/Paula-scaled.jpg 1829w\" sizes=\"(max-width: 731px) 100vw, 731px\" \/>\t\t\t\t\t\t\t\t\t\t\t\t\t\t\t<\/div>\n\t\t\t\t<\/div>\n\t\t\t\t\t<\/div>\n\t\t<\/div>\n\t\t\t\t<div class=\"elementor-column elementor-col-50 elementor-top-column elementor-element elementor-element-ff9ed72\" data-id=\"ff9ed72\" data-element_type=\"column\">\n\t\t\t<div class=\"elementor-widget-wrap elementor-element-populated\">\n\t\t\t\t\t\t<div class=\"elementor-element elementor-element-7b2ab05 elementor-widget elementor-widget-text-editor\" data-id=\"7b2ab05\" data-element_type=\"widget\" data-widget_type=\"text-editor.default\">\n\t\t\t\t<div class=\"elementor-widget-container\">\n\t\t\t\t\t\t\t\t\t<p>Uko\u0144czy\u0142a studia prawnicze na Wydziale Prawa i Administracji Uniwersytetu \u0141\u00f3dzkiego. Szkolenie aplikacyjne przy Okr\u0119gowej Izbie Radc\u00f3w Prawnych w \u0141odzi zako\u0144czy\u0142a, zdaj\u0105c pozytywnie egzamin zawodowy radcowski, co zaowocowa\u0142o wpisem na list\u0119 radc\u00f3w prawnych prowadzon\u0105 przez Okr\u0119gow\u0105 Izb\u0119 Radc\u00f3w Prawnych w \u0141odzi pod numerem \u0141D-2647.<\/p><p>Obecnie pe\u0142ni funkcj\u0119 wsp\u00f3lnika w Kancelarii GGM Gensler i Partnerzy Radcowie Prawni, jednocze\u015bnie prowadz\u0105c w\u0142asn\u0105 dzia\u0142alno\u015b\u0107 gospodarcz\u0105 pod firm\u0105 Kancelaria Radcy Prawnego Paulina B\u0142\u0119dek. Jej g\u0142\u00f3wny obszar zawodowy koncentruje si\u0119 na szeroko poj\u0119tym prawie cywilnym, obejmuj\u0105c sprawy z zakresu prawa zobowi\u0105za\u0144, prawa spadkowego i rodzinnego, a tak\u017ce prawa odszkodowawczego. Posiada znaczne do\u015bwiadczenie w kompleksowej obs\u0142udze klient\u00f3w, obejmuj\u0105ce udzielanie porad prawnych, sporz\u0105dzanie opinii prawnych i pism procesowych, a tak\u017ce reprezentacj\u0119 przed s\u0105dami powszechnymi obu instancji.<\/p><p>Dodatkowo posiada certyfikat z prawniczego j\u0119zyka angielskiego TOLES. Podejmuje si\u0119 tak\u017ce spraw zwi\u0105zanych z prawem zam\u00f3wie\u0144 publicznych, sporz\u0105dzaj\u0105c i opiniuj\u0105c umowy w tym obszarze.<\/p><p>Jako aktywna uczestniczka rynku prawniczego, po\u015bwi\u0119ca znaczn\u0105 cz\u0119\u015b\u0107 swojego czasu na rozwijanie umiej\u0119tno\u015bci w zakresie mediacji s\u0105dowych i pozas\u0105dowych. Posiada uprawnienia mediatora w sprawach cywilnych, rodzinnych i karnych. Wpisana jest na listy sta\u0142ych mediator\u00f3w prowadzone przez Prezes\u00f3w S\u0105d\u00f3w Okr\u0119gowych w \u0141odzi, Warszawie, Sieradzu i Piotrkowie Trybunalskim. Praca mediatora przynosi jej ogromn\u0105 satysfakcj\u0119, co przek\u0142ada si\u0119 na wysok\u0105 skuteczno\u015b\u0107 w pomocy przy rozstrzyganiu konflikt\u00f3w.<\/p>\t\t\t\t\t\t\t\t<\/div>\n\t\t\t\t<\/div>\n\t\t\t\t\t<\/div>\n\t\t<\/div>\n\t\t\t\t\t<\/div>\n\t\t<\/section>\n\t\t\t\t<\/div>\n\t\t","protected":false},"excerpt":{"rendered":"<p>radca prawny Paulina B\u0142\u0119dek Uko\u0144czy\u0142a studia prawnicze na Wydziale Prawa i Administracji Uniwersytetu \u0141\u00f3dzkiego. Szkolenie aplikacyjne przy Okr\u0119gowej Izbie Radc\u00f3w Prawnych w \u0141odzi zako\u0144czy\u0142a, zdaj\u0105c pozytywnie egzamin zawodowy radcowski, co &#8230;<\/p>\n","protected":false},"author":1,"featured_media":0,"parent":0,"menu_order":0,"comment_status":"closed","ping_status":"closed","template":"","meta":{"footnotes":""},"_links":{"self":[{"href":"https:\/\/kb-radcowie.pl\/index.php\/wp-json\/wp\/v2\/pages\/89"}],"collection":[{"href":"https:\/\/kb-radcowie.pl\/index.php\/wp-json\/wp\/v2\/pages"}],"about":[{"href":"https:\/\/kb-radcowie.pl\/index.php\/wp-json\/wp\/v2\/types\/page"}],"author":[{"embeddable":true,"href":"https:\/\/kb-radcowie.pl\/index.php\/wp-json\/wp\/v2\/users\/1"}],"replies":[{"embeddable":true,"href":"https:\/\/kb-radcowie.pl\/index.php\/wp-json\/wp\/v2\/comments?post=89"}],"version-history":[{"count":33,"href":"https:\/\/kb-radcowie.pl\/index.php\/wp-json\/wp\/v2\/pages\/89\/revisions"}],"predecessor-version":[{"id":402,"href":"https:\/\/kb-radcowie.pl\/index.php\/wp-json\/wp\/v2\/pages\/89\/revisions\/402"}],"wp:attachment":[{"href":"https:\/\/kb-radcowie.pl\/index.php\/wp-json\/wp\/v2\/media?parent=89"}],"curies":[{"name":"wp","href":"https:\/\/api.w.org\/{rel}","templated":true}]}}