{"id":93,"date":"2020-10-27T15:48:22","date_gmt":"2020-10-27T14:48:22","guid":{"rendered":"http:\/\/zrvchtb.cluster030.hosting.ovh.net\/?page_id=93"},"modified":"2024-04-15T12:53:12","modified_gmt":"2024-04-15T10:53:12","slug":"szymon-kaczmarek","status":"publish","type":"page","link":"https:\/\/kb-radcowie.pl\/index.php\/szymon-kaczmarek\/","title":{"rendered":"SZYMON KACZMAREK"},"content":{"rendered":"\t\t<div data-elementor-type=\"wp-page\" data-elementor-id=\"93\" class=\"elementor elementor-93\">\n\t\t\t\t\t\t<section class=\"elementor-section elementor-top-section elementor-element elementor-element-c7759db elementor-section-boxed elementor-section-height-default elementor-section-height-default\" data-id=\"c7759db\" data-element_type=\"section\">\n\t\t\t\t\t\t<div class=\"elementor-container elementor-column-gap-default\">\n\t\t\t\t\t<div class=\"elementor-column elementor-col-100 elementor-top-column elementor-element elementor-element-c30b78d\" data-id=\"c30b78d\" data-element_type=\"column\">\n\t\t\t<div class=\"elementor-widget-wrap elementor-element-populated\">\n\t\t\t\t\t\t<div class=\"elementor-element elementor-element-f3c7b62 elementor-widget elementor-widget-heading\" data-id=\"f3c7b62\" data-element_type=\"widget\" data-widget_type=\"heading.default\">\n\t\t\t\t<div class=\"elementor-widget-container\">\n\t\t\t\t\t<h2 class=\"elementor-heading-title elementor-size-default\">radca prawny Szymon Kaczmarek<\/h2>\t\t\t\t<\/div>\n\t\t\t\t<\/div>\n\t\t\t\t\t<\/div>\n\t\t<\/div>\n\t\t\t\t\t<\/div>\n\t\t<\/section>\n\t\t\t\t<section class=\"elementor-section elementor-top-section elementor-element elementor-element-bfd4674 elementor-section-boxed elementor-section-height-default elementor-section-height-default\" data-id=\"bfd4674\" data-element_type=\"section\">\n\t\t\t\t\t\t<div class=\"elementor-container elementor-column-gap-default\">\n\t\t\t\t\t<div class=\"elementor-column elementor-col-50 elementor-top-column elementor-element elementor-element-9b5a9fd\" data-id=\"9b5a9fd\" data-element_type=\"column\">\n\t\t\t<div class=\"elementor-widget-wrap elementor-element-populated\">\n\t\t\t\t\t\t<div class=\"elementor-element elementor-element-c47be10 elementor-widget__width-initial elementor-widget elementor-widget-image\" data-id=\"c47be10\" data-element_type=\"widget\" data-widget_type=\"image.default\">\n\t\t\t\t<div class=\"elementor-widget-container\">\n\t\t\t\t\t\t\t\t\t\t\t\t\t\t\t<img fetchpriority=\"high\" decoding=\"async\" width=\"731\" height=\"1024\" src=\"https:\/\/kb-radcowie.pl\/wp-content\/uploads\/2022\/02\/Szymon-731x1024.jpg\" class=\"attachment-large size-large wp-image-331\" alt=\"\" srcset=\"https:\/\/kb-radcowie.pl\/wp-content\/uploads\/2022\/02\/Szymon-731x1024.jpg 731w, https:\/\/kb-radcowie.pl\/wp-content\/uploads\/2022\/02\/Szymon-214x300.jpg 214w, https:\/\/kb-radcowie.pl\/wp-content\/uploads\/2022\/02\/Szymon-768x1075.jpg 768w, https:\/\/kb-radcowie.pl\/wp-content\/uploads\/2022\/02\/Szymon-1097x1536.jpg 1097w, https:\/\/kb-radcowie.pl\/wp-content\/uploads\/2022\/02\/Szymon-1463x2048.jpg 1463w, https:\/\/kb-radcowie.pl\/wp-content\/uploads\/2022\/02\/Szymon-scaled.jpg 1828w\" sizes=\"(max-width: 731px) 100vw, 731px\" \/>\t\t\t\t\t\t\t\t\t\t\t\t\t\t\t<\/div>\n\t\t\t\t<\/div>\n\t\t\t\t\t<\/div>\n\t\t<\/div>\n\t\t\t\t<div class=\"elementor-column elementor-col-50 elementor-top-column elementor-element elementor-element-5c5e12a\" data-id=\"5c5e12a\" data-element_type=\"column\">\n\t\t\t<div class=\"elementor-widget-wrap elementor-element-populated\">\n\t\t\t\t\t\t<div class=\"elementor-element elementor-element-a1080d1 elementor-widget elementor-widget-text-editor\" data-id=\"a1080d1\" data-element_type=\"widget\" data-widget_type=\"text-editor.default\">\n\t\t\t\t<div class=\"elementor-widget-container\">\n\t\t\t\t\t\t\t\t\t<p style=\"text-align: justify;\">Absolwent prawa stacjonarnego na <strong>Wydziale Prawa i Administracji Uniwersytetu \u0141\u00f3dzkiego<\/strong>. Uko\u0144czy\u0142 aplikacj\u0119 radcowsk\u0105 przy Okr\u0119gowej Izbie Radc\u00f3w Prawnych w \u0141odzi i z\u0142o\u017cy\u0142 egzamin radcowski z wynikiem pozytywnym. Wpisany na list\u0119 radc\u00f3w prawnych prowadzon\u0105 przez Okr\u0119gow\u0105 Izb\u0119 Radc\u00f3w Prawnych w Poznaniu pod numerem PZ-4991<\/p>\n<p style=\"text-align: justify;\">Dotychczasowe do\u015bwiadczenie zawodowe zbiera\u0142 pracuj\u0105c w Kancelarii Radcy Prawnego Jerzego Genslera oraz kancelarii Gensler Grasewicz Mazurkiewicz Radcowie Prawni sp. p. w \u0141odzi (obecnie GGM Gensler i Partnerzy Radcowie Prawni).&nbsp;Od 2020 roku prowadzi Kancelari\u0119 Radcy Prawnego w Kaliszu. Posiada bogate do\u015bwiadczenie procesowe, z sukcesami broni\u0105c interes\u00f3w klient\u00f3w przed s\u0105dami powszechnymi w post\u0119powaniach cywilnych oraz karnych.<\/p>\n<p style=\"text-align: justify;\">Specjalizuje si\u0119 w prawie cywilnym oraz gospodarczym, ze szczeg\u00f3lnym uwzgl\u0119dnieniem prawa odszkodowa\u0144. \u015awiadczy pomoc prawn\u0105 zar\u00f3wno w zakresie prawa cywilnego, prawa karnego, jak i prawa administracyjnego, zawsze d\u0105\u017c\u0105c do jak najkorzystniejszego oraz najbezpieczniejszego dla klienta rozwi\u0105zania sprawy.<\/p>\t\t\t\t\t\t\t\t<\/div>\n\t\t\t\t<\/div>\n\t\t\t\t\t<\/div>\n\t\t<\/div>\n\t\t\t\t\t<\/div>\n\t\t<\/section>\n\t\t\t\t<\/div>\n\t\t","protected":false},"excerpt":{"rendered":"<p>radca prawny Szymon Kaczmarek Absolwent prawa stacjonarnego na Wydziale Prawa i Administracji Uniwersytetu \u0141\u00f3dzkiego. Uko\u0144czy\u0142 aplikacj\u0119 radcowsk\u0105 przy Okr\u0119gowej Izbie Radc\u00f3w Prawnych w \u0141odzi i z\u0142o\u017cy\u0142 egzamin radcowski z wynikiem &#8230;<\/p>\n","protected":false},"author":1,"featured_media":0,"parent":0,"menu_order":0,"comment_status":"closed","ping_status":"closed","template":"","meta":{"footnotes":""},"_links":{"self":[{"href":"https:\/\/kb-radcowie.pl\/index.php\/wp-json\/wp\/v2\/pages\/93"}],"collection":[{"href":"https:\/\/kb-radcowie.pl\/index.php\/wp-json\/wp\/v2\/pages"}],"about":[{"href":"https:\/\/kb-radcowie.pl\/index.php\/wp-json\/wp\/v2\/types\/page"}],"author":[{"embeddable":true,"href":"https:\/\/kb-radcowie.pl\/index.php\/wp-json\/wp\/v2\/users\/1"}],"replies":[{"embeddable":true,"href":"https:\/\/kb-radcowie.pl\/index.php\/wp-json\/wp\/v2\/comments?post=93"}],"version-history":[{"count":56,"href":"https:\/\/kb-radcowie.pl\/index.php\/wp-json\/wp\/v2\/pages\/93\/revisions"}],"predecessor-version":[{"id":412,"href":"https:\/\/kb-radcowie.pl\/index.php\/wp-json\/wp\/v2\/pages\/93\/revisions\/412"}],"wp:attachment":[{"href":"https:\/\/kb-radcowie.pl\/index.php\/wp-json\/wp\/v2\/media?parent=93"}],"curies":[{"name":"wp","href":"https:\/\/api.w.org\/{rel}","templated":true}]}}