{"id":96,"date":"2020-10-27T15:48:39","date_gmt":"2020-10-27T14:48:39","guid":{"rendered":"http:\/\/zrvchtb.cluster030.hosting.ovh.net\/?page_id=96"},"modified":"2024-04-15T20:26:24","modified_gmt":"2024-04-15T18:26:24","slug":"kontakt","status":"publish","type":"page","link":"https:\/\/kb-radcowie.pl\/index.php\/kontakt\/","title":{"rendered":"KONTAKT"},"content":{"rendered":"\t\t<div data-elementor-type=\"wp-page\" data-elementor-id=\"96\" class=\"elementor elementor-96\">\n\t\t\t\t\t\t<section class=\"elementor-section elementor-top-section elementor-element elementor-element-44282f63 elementor-section-boxed elementor-section-height-default elementor-section-height-default\" data-id=\"44282f63\" data-element_type=\"section\" data-settings=\"{&quot;animation&quot;:&quot;none&quot;}\">\n\t\t\t\t\t\t\t<div class=\"elementor-background-overlay\"><\/div>\n\t\t\t\t\t\t\t<div class=\"elementor-container elementor-column-gap-default\">\n\t\t\t\t\t<div class=\"elementor-column elementor-col-50 elementor-top-column elementor-element elementor-element-4f367d47\" data-id=\"4f367d47\" data-element_type=\"column\">\n\t\t\t<div class=\"elementor-widget-wrap elementor-element-populated\">\n\t\t\t\t\t\t<div class=\"elementor-element elementor-element-16274bd2 animated-slow elementor-widget elementor-widget-heading\" data-id=\"16274bd2\" data-element_type=\"widget\" data-settings=\"{&quot;_animation&quot;:&quot;none&quot;}\" data-widget_type=\"heading.default\">\n\t\t\t\t<div class=\"elementor-widget-container\">\n\t\t\t\t\t<h1 class=\"elementor-heading-title elementor-size-default\">radca prawny Paulina B\u0142\u0119dek<\/h1>\t\t\t\t<\/div>\n\t\t\t\t<\/div>\n\t\t\t\t<div class=\"elementor-element elementor-element-3af6424d elementor-widget elementor-widget-text-editor\" data-id=\"3af6424d\" data-element_type=\"widget\" data-settings=\"{&quot;_animation&quot;:&quot;none&quot;}\" data-widget_type=\"text-editor.default\">\n\t\t\t\t<div class=\"elementor-widget-container\">\n\t\t\t\t\t\t\t\t\t<p>Siedziba g\u0142\u00f3wna Kancelarii:<br \/>90-056 \u0141\u00f3d\u017a, ul. Roosevelta 18 lok. 0.3.<\/p><p>Filia Kancelarii w Rawie Mazowieckiej<br \/>Rawa Mazowiecka, ul. Jerozolimska 3<\/p><p>Numer kontaktowy:\u00a0<br \/>530 269 629<\/p><p>Email:<br \/>paulina.bledek@kb-radcowie.pl<\/p>\t\t\t\t\t\t\t\t<\/div>\n\t\t\t\t<\/div>\n\t\t\t\t\t<\/div>\n\t\t<\/div>\n\t\t\t\t<div class=\"elementor-column elementor-col-50 elementor-top-column elementor-element elementor-element-16fcb34c\" data-id=\"16fcb34c\" data-element_type=\"column\">\n\t\t\t<div class=\"elementor-widget-wrap elementor-element-populated\">\n\t\t\t\t\t\t<div class=\"elementor-element elementor-element-aaa6d39 animated-slow elementor-widget elementor-widget-heading\" data-id=\"aaa6d39\" data-element_type=\"widget\" data-settings=\"{&quot;_animation&quot;:&quot;none&quot;}\" data-widget_type=\"heading.default\">\n\t\t\t\t<div class=\"elementor-widget-container\">\n\t\t\t\t\t<h1 class=\"elementor-heading-title elementor-size-default\">radca prawny Szymon Kaczmarek<\/h1>\t\t\t\t<\/div>\n\t\t\t\t<\/div>\n\t\t\t\t<div class=\"elementor-element elementor-element-1d2bd523 elementor-widget elementor-widget-text-editor\" data-id=\"1d2bd523\" data-element_type=\"widget\" data-settings=\"{&quot;_animation&quot;:&quot;none&quot;}\" data-widget_type=\"text-editor.default\">\n\t\t\t\t<div class=\"elementor-widget-container\">\n\t\t\t\t\t\t\t\t\t<p>90-056 \u0141\u00f3d\u017a, ul. Roosevelta 18 lok. 0.3.<\/p><p>Numer kontaktowy:<br \/>510 599 535<\/p><p>Email:<br \/>szymon.kaczmarek@kb-radcowie.pl<\/p>\t\t\t\t\t\t\t\t<\/div>\n\t\t\t\t<\/div>\n\t\t\t\t\t<\/div>\n\t\t<\/div>\n\t\t\t\t\t<\/div>\n\t\t<\/section>\n\t\t\t\t<section class=\"elementor-section elementor-top-section elementor-element elementor-element-199b7de4 elementor-section-height-min-height elementor-section-boxed elementor-section-height-default elementor-section-items-middle\" data-id=\"199b7de4\" data-element_type=\"section\">\n\t\t\t\t\t\t\t<div class=\"elementor-background-overlay\"><\/div>\n\t\t\t\t\t\t\t<div class=\"elementor-container elementor-column-gap-default\">\n\t\t\t\t\t<div class=\"elementor-column elementor-col-100 elementor-top-column elementor-element elementor-element-650121c9\" data-id=\"650121c9\" data-element_type=\"column\">\n\t\t\t<div class=\"elementor-widget-wrap elementor-element-populated\">\n\t\t\t\t\t\t<div class=\"elementor-element elementor-element-3245fe4e animated-fast elementor-widget elementor-widget-google_maps\" data-id=\"3245fe4e\" data-element_type=\"widget\" data-settings=\"{&quot;_animation&quot;:&quot;none&quot;,&quot;_animation_delay&quot;:0}\" data-widget_type=\"google_maps.default\">\n\t\t\t\t<div class=\"elementor-widget-container\">\n\t\t\t\t\t\t\t<div class=\"elementor-custom-embed\">\n\t\t\t<iframe loading=\"lazy\"\n\t\t\t\t\tsrc=\"https:\/\/maps.google.com\/maps?q=%C5%81%C3%B3d%C5%BA%2C%20ul.%20Roosevelta%2018%20lok.%200.3.%20&#038;t=m&#038;z=15&#038;output=embed&#038;iwloc=near\"\n\t\t\t\t\ttitle=\"\u0141\u00f3d\u017a, ul. Roosevelta 18 lok. 0.3. \"\n\t\t\t\t\taria-label=\"\u0141\u00f3d\u017a, ul. Roosevelta 18 lok. 0.3. \"\n\t\t\t><\/iframe>\n\t\t<\/div>\n\t\t\t\t\t\t<\/div>\n\t\t\t\t<\/div>\n\t\t\t\t\t<\/div>\n\t\t<\/div>\n\t\t\t\t\t<\/div>\n\t\t<\/section>\n\t\t\t\t<\/div>\n\t\t","protected":false},"excerpt":{"rendered":"<p>radca prawny Paulina B\u0142\u0119dek Siedziba g\u0142\u00f3wna Kancelarii:90-056 \u0141\u00f3d\u017a, ul. Roosevelta 18 lok. 0.3. Filia Kancelarii w Rawie MazowieckiejRawa Mazowiecka, ul. Jerozolimska 3 Numer kontaktowy:\u00a0530 269 629 Email:paulina.bledek@kb-radcowie.pl radca prawny Szymon &#8230;<\/p>\n","protected":false},"author":1,"featured_media":0,"parent":0,"menu_order":0,"comment_status":"closed","ping_status":"closed","template":"","meta":{"footnotes":""},"_links":{"self":[{"href":"https:\/\/kb-radcowie.pl\/index.php\/wp-json\/wp\/v2\/pages\/96"}],"collection":[{"href":"https:\/\/kb-radcowie.pl\/index.php\/wp-json\/wp\/v2\/pages"}],"about":[{"href":"https:\/\/kb-radcowie.pl\/index.php\/wp-json\/wp\/v2\/types\/page"}],"author":[{"embeddable":true,"href":"https:\/\/kb-radcowie.pl\/index.php\/wp-json\/wp\/v2\/users\/1"}],"replies":[{"embeddable":true,"href":"https:\/\/kb-radcowie.pl\/index.php\/wp-json\/wp\/v2\/comments?post=96"}],"version-history":[{"count":49,"href":"https:\/\/kb-radcowie.pl\/index.php\/wp-json\/wp\/v2\/pages\/96\/revisions"}],"predecessor-version":[{"id":415,"href":"https:\/\/kb-radcowie.pl\/index.php\/wp-json\/wp\/v2\/pages\/96\/revisions\/415"}],"wp:attachment":[{"href":"https:\/\/kb-radcowie.pl\/index.php\/wp-json\/wp\/v2\/media?parent=96"}],"curies":[{"name":"wp","href":"https:\/\/api.w.org\/{rel}","templated":true}]}}